{"id":5378,"date":"2021-03-24T01:44:16","date_gmt":"2021-03-24T00:44:16","guid":{"rendered":"https:\/\/ragsch-retail.de\/?page_id=5378"},"modified":"2021-06-08T09:51:29","modified_gmt":"2021-06-08T07:51:29","slug":"impressum","status":"publish","type":"page","link":"https:\/\/ragsch-retail.de\/en\/impressum\/","title":{"rendered":"Impressum"},"content":{"rendered":"<div data-elementor-type=\"wp-page\" data-elementor-id=\"5378\" class=\"elementor elementor-5378\" data-elementor-post-type=\"page\">\n\t\t\t\t        <section data-particle_enable=\"false\" data-particle-mobile-disabled=\"false\" class=\"elementor-section elementor-top-section elementor-element elementor-element-ef1fcde elementor-section-boxed elementor-section-height-default elementor-section-height-default\" data-id=\"ef1fcde\" data-element_type=\"section\" data-e-type=\"section\" data-settings=\"{&quot;background_background&quot;:&quot;classic&quot;}\">\n            \n                        <div class=\"elementor-container elementor-column-gap-default\">\n                    <div class=\"elementor-column elementor-col-100 elementor-top-column elementor-element elementor-element-e254c42\" data-id=\"e254c42\" data-element_type=\"column\" data-e-type=\"column\">\n        <div class=\"elementor-widget-wrap elementor-element-populated\">\n                    \n        \t\t<div class=\"elementor-element elementor-element-c420073 elementor-widget elementor-widget-ct_text_editor\" data-id=\"c420073\" data-element_type=\"widget\" data-e-type=\"widget\" data-widget_type=\"ct_text_editor.default\">\n\t\t\t\t<div class=\"elementor-widget-container\">\n\t\t\t\t\t<div id=\"ct_text_editor-c420073\" class=\"ct-text-editor\" data-wow-delay=\"ms\">\n\t<div class=\"ct-inline-css\"  data-css=\"        \t\t\">\n\n    <\/div>\n\t<div class=\"ct-text-editor elementor-clearfix\">\n\t\t<p><strong>Angaben gem\u00e4\u00df \u00a7 5 TMG<\/strong><\/p><p>Ragsch Retail GmbH<br \/>Am Klosterpark 14<br \/>47877 Willich<\/p><p>Handelsregister: HRB 18345<br \/>Registergericht: Amtsgericht Krefeld<\/p><p>Vertreten durch:<br \/>Andreas Ragsch<\/p><p><strong>Contact<\/strong><\/p><p>Telefon: <a href=\"tel:021548238000\">+49-2154-8 23 8000<\/a><br \/>E-Mail: <a href=\"mailto:info@ragsch-retail.de\">info@ragsch-retail.de<\/a><\/p><p><strong>Umsatzsteuer-ID<\/strong><\/p><p>Umsatzsteuer-Identifikationsnummer gem\u00e4\u00df \u00a7 27 a Umsatzsteuergesetz:<br \/>DE 230 3888 75<\/p><p><strong>Verbraucher\u00adstreit\u00adbeilegung\/Universal\u00adschlichtungs\u00adstelle<\/strong><\/p><p>Wir sind nicht bereit oder verpflichtet, an Streitbeilegungsverfahren vor einer Verbraucherschlichtungsstelle teilzunehmen.<\/p><p><strong>Haftung f\u00fcr Inhalte<\/strong><\/p><p>Als Diensteanbieter sind wir gem\u00e4\u00df \u00a7 7 Abs.1 TMG f\u00fcr eigene Inhalte auf diesen Seiten nach den allgemeinen Gesetzen verantwortlich. Nach \u00a7\u00a7 8 bis 10 TMG sind wir als Diensteanbieter jedoch nicht verpflichtet, \u00fcbermittelte oder gespeicherte fremde Informationen zu \u00fcberwachen oder nach Umst\u00e4nden zu forschen, die auf eine rechtswidrige T\u00e4tigkeit hinweisen.<\/p><p>Verpflichtungen zur Entfernung oder Sperrung der Nutzung von Informationen nach den allgemeinen Gesetzen bleiben hiervon unber\u00fchrt. Eine diesbez\u00fcgliche Haftung ist jedoch erst ab dem Zeitpunkt der Kenntnis einer konkreten Rechtsverletzung m\u00f6glich. Bei Bekanntwerden von entsprechenden Rechtsverletzungen werden wir diese Inhalte umgehend entfernen.<\/p><p><strong>Haftung f\u00fcr Links<\/strong><\/p><p>Unser Angebot enth\u00e4lt Links zu externen Websites Dritter, auf deren Inhalte wir keinen Einfluss haben. Deshalb k\u00f6nnen wir f\u00fcr diese fremden Inhalte auch keine Gew\u00e4hr \u00fcbernehmen. F\u00fcr die Inhalte der verlinkten Seiten ist stets der jeweilige Anbieter oder Betreiber der Seiten verantwortlich. Die verlinkten Seiten wurden zum Zeitpunkt der Verlinkung auf m\u00f6gliche Rechtsverst\u00f6\u00dfe \u00fcberpr\u00fcft. Rechtswidrige Inhalte waren zum Zeitpunkt der Verlinkung nicht erkennbar.<\/p><p>Eine permanente inhaltliche Kontrolle der verlinkten Seiten ist jedoch ohne konkrete Anhaltspunkte einer Rechtsverletzung nicht zumutbar. Bei Bekanntwerden von Rechtsverletzungen werden wir derartige Links umgehend entfernen.<\/p><p><strong>Urheberrecht<\/strong><\/p><p>Die durch die Seitenbetreiber erstellten Inhalte und Werke auf diesen Seiten unterliegen dem deutschen Urheberrecht. Die Vervielf\u00e4ltigung, Bearbeitung, Verbreitung und jede Art der Verwertung au\u00dferhalb der Grenzen des Urheberrechtes bed\u00fcrfen der schriftlichen Zustimmung des jeweiligen Autors bzw. Erstellers. Downloads und Kopien dieser Seite sind nur f\u00fcr den privaten, nicht kommerziellen Gebrauch gestattet.<\/p><p>Soweit die Inhalte auf dieser Seite nicht vom Betreiber erstellt wurden, werden die Urheberrechte Dritter beachtet. Insbesondere werden Inhalte Dritter als solche gekennzeichnet. Sollten Sie trotzdem auf eine Urheberrechtsverletzung aufmerksam werden, bitten wir um einen entsprechenden Hinweis. Bei Bekanntwerden von Rechtsverletzungen werden wir derartige Inhalte umgehend entfernen.<\/p><p><strong>Alternative Streitbeilegung gem\u00e4\u00df Art. 14 Abs. 1 ODR-VO und \u00a7 36 VSBG:<\/strong><\/p><p>Die Europ\u00e4ische Kommission stellt eine Plattform zur Online-Streitbeilegung (OS) bereit, die Sie unter <a href=\"https:\/\/ec.europa.eu\/consumers\/odr\" target=\"_blank\" rel=\"noopener\">https:\/\/ec.europa.eu\/consumers\/odr<\/a> finden. Zur Teilnahme an einem Streitbeilegungsverfahren vor einer Verbraucherschlichtungsstelle sind wir nicht verpflichtet und nicht bereit.<\/p><p><strong>Angaben gem\u00e4\u00df \u00a7 5 TMG<\/strong><\/p><p>Ragsch Real Values<br \/>Am Klosterpark 14<br \/>47877 Willich<\/p><p>Gesch\u00e4ftsf\u00fchrer:<br \/>Andreas Ragsch <br \/>Dipl. Betriebswirt\/Immobilienmakler (IHK)<\/p><p><strong>Contact<\/strong><\/p><p>Telefon: <a href=\"tel:021548238000\">+49-2154-8 23 8000<\/a><br \/>E-Mail: <a href=\"mailto:info@ragsch-retail.de\">info@ragsch-retail.de<\/a><\/p><p><strong>Umsatzsteuer-ID<\/strong><\/p><p>Umsatzsteuer-Identifikationsnummer gem\u00e4\u00df \u00a7 27 a Umsatzsteuergesetz:<br \/>DE74 351 602 925<\/p><p><strong>Zust\u00e4ndige IHK:<\/strong><\/p><p>Niederrheinische Industrie- und Handelskammer<br \/>Krefeld<\/p><p><strong>Pflichtangaben nach der EU-Vermittlerrichtlinie:<\/strong><\/p><p>Status: Immobilienmakler<br \/>Verm\u00f6gensschadenhaftpflichtversicherung:<br \/>Mailo Versicherungs AG, Nr. HV196590<\/p><p><strong>Aufsichtsbeh\u00f6rde gem\u00e4\u00df \u00a734c GewO:<\/strong><\/p><p>Kreis Viersen<br \/>Der Landrat<br \/>Rathausmarkt 3<br \/>41747 Viersen<\/p><p>https:\/\/www.kreis-viersen.de\/<\/p><p><strong>Verbraucher\u00adstreit\u00adbeilegung\/Universal\u00adschlichtungs\u00adstelle<\/strong><\/p><p>Wir sind nicht bereit oder verpflichtet, an Streitbeilegungsverfahren vor einer Verbraucherschlichtungsstelle teilzunehmen.<\/p><p><strong>Haftung f\u00fcr Inhalte<\/strong><\/p><p>Als Diensteanbieter sind wir gem\u00e4\u00df \u00a7 7 Abs.1 TMG f\u00fcr eigene Inhalte auf diesen Seiten nach den allgemeinen Gesetzen verantwortlich. Nach \u00a7\u00a7 8 bis 10 TMG sind wir als Diensteanbieter jedoch nicht verpflichtet, \u00fcbermittelte oder gespeicherte fremde Informationen zu \u00fcberwachen oder nach Umst\u00e4nden zu forschen, die auf eine rechtswidrige T\u00e4tigkeit hinweisen.<\/p><p>Verpflichtungen zur Entfernung oder Sperrung der Nutzung von Informationen nach den allgemeinen Gesetzen bleiben hiervon unber\u00fchrt. Eine diesbez\u00fcgliche Haftung ist jedoch erst ab dem Zeitpunkt der Kenntnis einer konkreten Rechtsverletzung m\u00f6glich. Bei Bekanntwerden von entsprechenden Rechtsverletzungen werden wir diese Inhalte umgehend entfernen.<\/p><p><strong>Haftung f\u00fcr Links<\/strong><\/p><p>Unser Angebot enth\u00e4lt Links zu externen Websites Dritter, auf deren Inhalte wir keinen Einfluss haben. Deshalb k\u00f6nnen wir f\u00fcr diese fremden Inhalte auch keine Gew\u00e4hr \u00fcbernehmen. F\u00fcr die Inhalte der verlinkten Seiten ist stets der jeweilige Anbieter oder Betreiber der Seiten verantwortlich. Die verlinkten Seiten wurden zum Zeitpunkt der Verlinkung auf m\u00f6gliche Rechtsverst\u00f6\u00dfe \u00fcberpr\u00fcft. Rechtswidrige Inhalte waren zum Zeitpunkt der Verlinkung nicht erkennbar.<\/p><p>Eine permanente inhaltliche Kontrolle der verlinkten Seiten ist jedoch ohne konkrete Anhaltspunkte einer Rechtsverletzung nicht zumutbar. Bei Bekanntwerden von Rechtsverletzungen werden wir derartige Links umgehend entfernen.<\/p><p><strong>Urheberrecht<\/strong><\/p><p>Die durch die Seitenbetreiber erstellten Inhalte und Werke auf diesen Seiten unterliegen dem deutschen Urheberrecht. Die Vervielf\u00e4ltigung, Bearbeitung, Verbreitung und jede Art der Verwertung au\u00dferhalb der Grenzen des Urheberrechtes bed\u00fcrfen der schriftlichen Zustimmung des jeweiligen Autors bzw. Erstellers. Downloads und Kopien dieser Seite sind nur f\u00fcr den privaten, nicht kommerziellen Gebrauch gestattet.<\/p><p>Soweit die Inhalte auf dieser Seite nicht vom Betreiber erstellt wurden, werden die Urheberrechte Dritter beachtet. Insbesondere werden Inhalte Dritter als solche gekennzeichnet. Sollten Sie trotzdem auf eine Urheberrechtsverletzung aufmerksam werden, bitten wir um einen entsprechenden Hinweis. Bei Bekanntwerden von Rechtsverletzungen werden wir derartige Inhalte umgehend entfernen.<\/p><p><strong>Alternative Streitbeilegung gem\u00e4\u00df Art. 14 Abs. 1 ODR-VO und \u00a7 36 VSBG:<\/strong><\/p><p>Die Europ\u00e4ische Kommission stellt eine Plattform zur Online-Streitbeilegung (OS) bereit, die Sie unter <a href=\"https:\/\/ec.europa.eu\/consumers\/odr\" target=\"_blank\" rel=\"noopener\">https:\/\/ec.europa.eu\/consumers\/odr<\/a> finden. Zur Teilnahme an einem Streitbeilegungsverfahren vor einer Verbraucherschlichtungsstelle sind wir nicht verpflichtet und nicht bereit.<\/p><p><strong>Konzept, Design und Realisierung der Website<\/strong><\/p><p><span style=\"text-decoration: underline\"><a href=\"http:\/\/www.jt-systeme.de\">www.jt-systeme.de<\/a><\/span> | <span style=\"text-decoration: underline\"><a href=\"mailto:info@jt-systeme.de\">info@jt-systeme.de<\/a><\/span><\/p>\t\t\n\t<\/div>\n<\/div>\t\t\t\t<\/div>\n\t\t\t\t<\/div>\n\t\t            <\/div>\n        <\/div>\n                    <\/div>\n        <\/section>\n        \t\t<\/div>","protected":false},"excerpt":{"rendered":"<p>Angaben gem\u00e4\u00df \u00a7 5 TMG Ragsch Retail GmbHAm Klosterpark 1447877 Willich Handelsregister: HRB 18345Registergericht: Amtsgericht Krefeld Vertreten durch:Andreas Ragsch Kontakt Telefon: +49-2154-8 23 8000E-Mail: info@ragsch-retail.de Umsatzsteuer-ID Umsatzsteuer-Identifikationsnummer gem\u00e4\u00df \u00a7 27 a Umsatzsteuergesetz:DE 230 3888 75 Verbraucher\u00adstreit\u00adbeilegung\/Universal\u00adschlichtungs\u00adstelle Wir sind nicht bereit oder verpflichtet, an Streitbeilegungsverfahren vor einer Verbraucherschlichtungsstelle teilzunehmen. Haftung f\u00fcr Inhalte Als Diensteanbieter sind wir [&hellip;]<\/p>\n","protected":false},"author":2,"featured_media":0,"parent":0,"menu_order":0,"comment_status":"closed","ping_status":"closed","template":"","meta":{"footnotes":""},"class_list":["post-5378","page","type-page","status-publish","hentry"],"yoast_head":"<!-- This site is optimized with the Yoast SEO plugin v27.5 - https:\/\/yoast.com\/product\/yoast-seo-wordpress\/ -->\n<title>Impressum - Ragsch Retail<\/title>\n<meta name=\"robots\" content=\"index, follow, max-snippet:-1, max-image-preview:large, max-video-preview:-1\" \/>\n<link rel=\"canonical\" href=\"https:\/\/ragsch-retail.de\/en\/impressum\/\" \/>\n<meta property=\"og:locale\" content=\"en_GB\" \/>\n<meta property=\"og:type\" content=\"article\" \/>\n<meta property=\"og:title\" content=\"Impressum - Ragsch Retail\" \/>\n<meta property=\"og:description\" content=\"Angaben gem\u00e4\u00df \u00a7 5 TMG Ragsch Retail GmbHAm Klosterpark 1447877 Willich Handelsregister: HRB 18345Registergericht: Amtsgericht Krefeld Vertreten durch:Andreas Ragsch Kontakt Telefon: +49-2154-8 23 8000E-Mail: info@ragsch-retail.de Umsatzsteuer-ID Umsatzsteuer-Identifikationsnummer gem\u00e4\u00df \u00a7 27 a Umsatzsteuergesetz:DE 230 3888 75 Verbraucher\u00adstreit\u00adbeilegung\/Universal\u00adschlichtungs\u00adstelle Wir sind nicht bereit oder verpflichtet, an Streitbeilegungsverfahren vor einer Verbraucherschlichtungsstelle teilzunehmen. Haftung f\u00fcr Inhalte Als Diensteanbieter sind wir [&hellip;]\" \/>\n<meta property=\"og:url\" content=\"https:\/\/ragsch-retail.de\/en\/impressum\/\" \/>\n<meta property=\"og:site_name\" content=\"Ragsch Retail\" \/>\n<meta property=\"article:modified_time\" content=\"2021-06-08T07:51:29+00:00\" \/>\n<meta name=\"twitter:card\" content=\"summary_large_image\" \/>\n<meta name=\"twitter:label1\" content=\"Estimated reading time\" \/>\n\t<meta name=\"twitter:data1\" content=\"4 minutes\" \/>\n<script type=\"application\/ld+json\" class=\"yoast-schema-graph\">{\"@context\":\"https:\\\/\\\/schema.org\",\"@graph\":[{\"@type\":\"WebPage\",\"@id\":\"https:\\\/\\\/ragsch-retail.de\\\/impressum\\\/\",\"url\":\"https:\\\/\\\/ragsch-retail.de\\\/impressum\\\/\",\"name\":\"Impressum - Ragsch Retail\",\"isPartOf\":{\"@id\":\"https:\\\/\\\/ragsch-retail.de\\\/#website\"},\"datePublished\":\"2021-03-24T00:44:16+00:00\",\"dateModified\":\"2021-06-08T07:51:29+00:00\",\"breadcrumb\":{\"@id\":\"https:\\\/\\\/ragsch-retail.de\\\/impressum\\\/#breadcrumb\"},\"inLanguage\":\"en-GB\",\"potentialAction\":[{\"@type\":\"ReadAction\",\"target\":[\"https:\\\/\\\/ragsch-retail.de\\\/impressum\\\/\"]}]},{\"@type\":\"BreadcrumbList\",\"@id\":\"https:\\\/\\\/ragsch-retail.de\\\/impressum\\\/#breadcrumb\",\"itemListElement\":[{\"@type\":\"ListItem\",\"position\":1,\"name\":\"Startseite\",\"item\":\"https:\\\/\\\/ragsch-retail.de\\\/\"},{\"@type\":\"ListItem\",\"position\":2,\"name\":\"Impressum\"}]},{\"@type\":\"WebSite\",\"@id\":\"https:\\\/\\\/ragsch-retail.de\\\/#website\",\"url\":\"https:\\\/\\\/ragsch-retail.de\\\/\",\"name\":\"Ragsch Retail\",\"description\":\"Profitable Konzeptionsentwicklung, Marketing und Service von Konsumg\u00fctern\",\"potentialAction\":[{\"@type\":\"SearchAction\",\"target\":{\"@type\":\"EntryPoint\",\"urlTemplate\":\"https:\\\/\\\/ragsch-retail.de\\\/?s={search_term_string}\"},\"query-input\":{\"@type\":\"PropertyValueSpecification\",\"valueRequired\":true,\"valueName\":\"search_term_string\"}}],\"inLanguage\":\"en-GB\"}]}<\/script>\n<!-- \/ Yoast SEO plugin. -->","yoast_head_json":{"title":"Impressum - Ragsch Retail","robots":{"index":"index","follow":"follow","max-snippet":"max-snippet:-1","max-image-preview":"max-image-preview:large","max-video-preview":"max-video-preview:-1"},"canonical":"https:\/\/ragsch-retail.de\/en\/impressum\/","og_locale":"en_GB","og_type":"article","og_title":"Impressum - Ragsch Retail","og_description":"Angaben gem\u00e4\u00df \u00a7 5 TMG Ragsch Retail GmbHAm Klosterpark 1447877 Willich Handelsregister: HRB 18345Registergericht: Amtsgericht Krefeld Vertreten durch:Andreas Ragsch Kontakt Telefon: +49-2154-8 23 8000E-Mail: info@ragsch-retail.de Umsatzsteuer-ID Umsatzsteuer-Identifikationsnummer gem\u00e4\u00df \u00a7 27 a Umsatzsteuergesetz:DE 230 3888 75 Verbraucher\u00adstreit\u00adbeilegung\/Universal\u00adschlichtungs\u00adstelle Wir sind nicht bereit oder verpflichtet, an Streitbeilegungsverfahren vor einer Verbraucherschlichtungsstelle teilzunehmen. Haftung f\u00fcr Inhalte Als Diensteanbieter sind wir [&hellip;]","og_url":"https:\/\/ragsch-retail.de\/en\/impressum\/","og_site_name":"Ragsch Retail","article_modified_time":"2021-06-08T07:51:29+00:00","twitter_card":"summary_large_image","twitter_misc":{"Estimated reading time":"4 minutes"},"schema":{"@context":"https:\/\/schema.org","@graph":[{"@type":"WebPage","@id":"https:\/\/ragsch-retail.de\/impressum\/","url":"https:\/\/ragsch-retail.de\/impressum\/","name":"Impressum - Ragsch Retail","isPartOf":{"@id":"https:\/\/ragsch-retail.de\/#website"},"datePublished":"2021-03-24T00:44:16+00:00","dateModified":"2021-06-08T07:51:29+00:00","breadcrumb":{"@id":"https:\/\/ragsch-retail.de\/impressum\/#breadcrumb"},"inLanguage":"en-GB","potentialAction":[{"@type":"ReadAction","target":["https:\/\/ragsch-retail.de\/impressum\/"]}]},{"@type":"BreadcrumbList","@id":"https:\/\/ragsch-retail.de\/impressum\/#breadcrumb","itemListElement":[{"@type":"ListItem","position":1,"name":"Startseite","item":"https:\/\/ragsch-retail.de\/"},{"@type":"ListItem","position":2,"name":"Impressum"}]},{"@type":"WebSite","@id":"https:\/\/ragsch-retail.de\/#website","url":"https:\/\/ragsch-retail.de\/","name":"Ragsch Retail","description":"Profitable Konzeptionsentwicklung, Marketing und Service von Konsumg\u00fctern","potentialAction":[{"@type":"SearchAction","target":{"@type":"EntryPoint","urlTemplate":"https:\/\/ragsch-retail.de\/?s={search_term_string}"},"query-input":{"@type":"PropertyValueSpecification","valueRequired":true,"valueName":"search_term_string"}}],"inLanguage":"en-GB"}]}},"_links":{"self":[{"href":"https:\/\/ragsch-retail.de\/en\/wp-json\/wp\/v2\/pages\/5378","targetHints":{"allow":["GET"]}}],"collection":[{"href":"https:\/\/ragsch-retail.de\/en\/wp-json\/wp\/v2\/pages"}],"about":[{"href":"https:\/\/ragsch-retail.de\/en\/wp-json\/wp\/v2\/types\/page"}],"author":[{"embeddable":true,"href":"https:\/\/ragsch-retail.de\/en\/wp-json\/wp\/v2\/users\/2"}],"replies":[{"embeddable":true,"href":"https:\/\/ragsch-retail.de\/en\/wp-json\/wp\/v2\/comments?post=5378"}],"version-history":[{"count":0,"href":"https:\/\/ragsch-retail.de\/en\/wp-json\/wp\/v2\/pages\/5378\/revisions"}],"wp:attachment":[{"href":"https:\/\/ragsch-retail.de\/en\/wp-json\/wp\/v2\/media?parent=5378"}],"curies":[{"name":"wp","href":"https:\/\/api.w.org\/{rel}","templated":true}]}}